{"id":122,"date":"2025-11-03T15:46:16","date_gmt":"2025-11-03T15:46:16","guid":{"rendered":"https:\/\/foerderverein-musikschule-rheine.de\/?page_id=122"},"modified":"2025-11-03T15:46:16","modified_gmt":"2025-11-03T15:46:16","slug":"spenden","status":"publish","type":"page","link":"https:\/\/foerderverein-musikschule-rheine.de\/?page_id=122","title":{"rendered":"Spenden"},"content":{"rendered":"\n<p>Sie m\u00f6chten unsere Arbeit durch eine Spende unterst\u00fctzen?<\/p>\n\n\n\n<p>Bankverbindung:<\/p>\n\n\n\n<p>Kontoinhaber: F\u00f6rderverein der Musikschule Rheine<\/p>\n\n\n\n<p><strong>IBAN: DE51 4035 0005 0000 7701 80<\/strong><\/p>\n\n\n\n<p>Bank: Sparkasse Rheine<\/p>\n\n\n\n<p><\/p>\n","protected":false},"excerpt":{"rendered":"<p>Sie m\u00f6chten unsere Arbeit durch eine Spende unterst\u00fctzen? Bankverbindung: Kontoinhaber: F\u00f6rderverein der Musikschule Rheine IBAN: DE51 4035 0005 0000 7701 80 Bank: Sparkasse Rheine<\/p>\n","protected":false},"author":4,"featured_media":0,"parent":0,"menu_order":0,"comment_status":"closed","ping_status":"closed","template":"","meta":{"footnotes":""},"class_list":["post-122","page","type-page","status-publish","hentry"],"_links":{"self":[{"href":"https:\/\/foerderverein-musikschule-rheine.de\/index.php?rest_route=\/wp\/v2\/pages\/122"}],"collection":[{"href":"https:\/\/foerderverein-musikschule-rheine.de\/index.php?rest_route=\/wp\/v2\/pages"}],"about":[{"href":"https:\/\/foerderverein-musikschule-rheine.de\/index.php?rest_route=\/wp\/v2\/types\/page"}],"author":[{"embeddable":true,"href":"https:\/\/foerderverein-musikschule-rheine.de\/index.php?rest_route=\/wp\/v2\/users\/4"}],"replies":[{"embeddable":true,"href":"https:\/\/foerderverein-musikschule-rheine.de\/index.php?rest_route=%2Fwp%2Fv2%2Fcomments&post=122"}],"version-history":[{"count":1,"href":"https:\/\/foerderverein-musikschule-rheine.de\/index.php?rest_route=\/wp\/v2\/pages\/122\/revisions"}],"predecessor-version":[{"id":123,"href":"https:\/\/foerderverein-musikschule-rheine.de\/index.php?rest_route=\/wp\/v2\/pages\/122\/revisions\/123"}],"wp:attachment":[{"href":"https:\/\/foerderverein-musikschule-rheine.de\/index.php?rest_route=%2Fwp%2Fv2%2Fmedia&parent=122"}],"curies":[{"name":"wp","href":"https:\/\/api.w.org\/{rel}","templated":true}]}}