{"id":26,"date":"2020-02-09T17:59:39","date_gmt":"2020-02-09T17:59:39","guid":{"rendered":"http:\/\/foerderverein-musikschule-rheine.de\/?page_id=26"},"modified":"2025-01-13T19:00:00","modified_gmt":"2025-01-13T19:00:00","slug":"presse","status":"publish","type":"page","link":"https:\/\/foerderverein-musikschule-rheine.de\/?page_id=26","title":{"rendered":"Presse"},"content":{"rendered":"\n<p><\/p>\n\n\n\n<p><strong>MV 23.12.24:<\/strong><\/p>\n\n\n\n<figure class=\"wp-block-image size-full\"><img decoding=\"async\" src=\"https:\/\/foerderverein-musikschule-rheine.de\/wp-content\/uploads\/2025\/01\/IMG_4349.heic\" alt=\"\" class=\"wp-image-118\"\/><\/figure>\n\n\n\n<p><\/p>\n\n\n\n<p><strong>Neue Leiterin der VHS\/Musikschule besucht Jahresversammlung des F\u00f6rdervereins<\/strong><\/p>\n\n\n\n<p>Vorstand im Amt best\u00e4tigt<\/p>\n\n\n\n<figure class=\"wp-block-image size-large\"><img loading=\"lazy\" decoding=\"async\" width=\"1024\" height=\"623\" src=\"https:\/\/foerderverein-musikschule-rheine.de\/wp-content\/uploads\/2025\/01\/Foerderverein-1024x623.jpg\" alt=\"\" class=\"wp-image-115\" srcset=\"https:\/\/foerderverein-musikschule-rheine.de\/wp-content\/uploads\/2025\/01\/Foerderverein-1024x623.jpg 1024w, https:\/\/foerderverein-musikschule-rheine.de\/wp-content\/uploads\/2025\/01\/Foerderverein-300x183.jpg 300w, https:\/\/foerderverein-musikschule-rheine.de\/wp-content\/uploads\/2025\/01\/Foerderverein-768x467.jpg 768w, https:\/\/foerderverein-musikschule-rheine.de\/wp-content\/uploads\/2025\/01\/Foerderverein.jpg 1265w\" sizes=\"(max-width: 767px) 89vw, (max-width: 1000px) 54vw, (max-width: 1071px) 543px, 580px\" \/><\/figure>\n\n\n\n<p>Der alte und neue Vorstand des F\u00f6rdervereins: (vlnr) Elisabeth Lohaus, Tim Henning, Kathrin H\u00f6ffgen, Annette Kestermann, Andrea Schneiker (Leiterin der VHS\/Musikschule), Friederike Freund, Julia Salgado-M\u00fcller, nicht auf dem Bild: Sonja Volkmer<\/p>\n\n\n\n<p>Auf seiner allj\u00e4hrlichen Mitgliederversammlung am Jahresende zog der \u201eF\u00f6rderverein der Musikschule der Stadt Rheine in der VHS e.V.\u201c eine \u00fcberaus positive Bilanz seiner Arbeit. So konnten wieder einige Projekte der Musikschule und etliche Musiksch\u00fcler:innen unterst\u00fctzt werden. Auch f\u00fcr 2025 gibt es schon viele Ideen, sich einzubringen. Die kostspielige Renovierung des Musikschul-Cembalos steht ganz oben auf der Wunschliste der Musikschule sowie die Anschaffung einer Barockvioline. Aber auch Musikfreizeiten sollen wieder gef\u00f6rdert werden. Das alles ist m\u00f6glich durch eine solide Finanzf\u00fchrung, wie von der Kassenpr\u00fcfung best\u00e4tigt wurde. Die notwendigen Wahlen waren schnell erledigt denn alle bisherigen Vorstandsmitglieder waren bereit, ihre Arbeit f\u00fcr den Verein fortzusetzen. Gegenkandidaten gab es keine. Der F\u00f6rderverein freute sich am Versammlungsabend ganz besonders \u00fcber den Besuch der neuen Leiterin der VHS\/Musikschule, Andrea Schneiker. Es ist schon Tradition, dass die Leitung von den aktuellsten Entwicklungen im Haus berichtet. Frau Schneiker konnte hier viel Erfreuliches aus ihrem ersten Jahr in Rheine verk\u00fcnden. Neben Informationen zu Sch\u00fclerzahlen und Kollegium stach eine Ank\u00fcndigung besonders heraus: die B\u00fchne in der Ignaz-Bubis-Aula wird demn\u00e4chst barrierefrei. Musikalisch wurde der Abend eingef\u00fchrt durch den jungen talentierten Sch\u00fcler Fiete Brameier und das Ensemble Maya Wienold, Chanel Gr\u00fcner (beide Violine), Maria Lehmann (Cembalo), Erwin Dick (Cello).<\/p>\n\n\n\n<p><\/p>\n\n\n\n<p><\/p>\n\n\n\n<p><strong>MV, 18.05.2023:<\/strong><\/p>\n\n\n\n<figure class=\"wp-block-image size-large\"><img loading=\"lazy\" decoding=\"async\" width=\"1024\" height=\"450\" src=\"https:\/\/foerderverein-musikschule-rheine.de\/wp-content\/uploads\/2024\/03\/IMG_5423__-1024x450.jpg\" alt=\"\" class=\"wp-image-87\" srcset=\"https:\/\/foerderverein-musikschule-rheine.de\/wp-content\/uploads\/2024\/03\/IMG_5423__-1024x450.jpg 1024w, https:\/\/foerderverein-musikschule-rheine.de\/wp-content\/uploads\/2024\/03\/IMG_5423__-300x132.jpg 300w, https:\/\/foerderverein-musikschule-rheine.de\/wp-content\/uploads\/2024\/03\/IMG_5423__-768x337.jpg 768w, https:\/\/foerderverein-musikschule-rheine.de\/wp-content\/uploads\/2024\/03\/IMG_5423__.jpg 1500w\" sizes=\"(max-width: 767px) 89vw, (max-width: 1000px) 54vw, (max-width: 1071px) 543px, 580px\" \/><\/figure>\n\n\n\n<p><\/p>\n\n\n\n<p><strong>MV 08.06.2019<\/strong>:<\/p>\n\n\n\n<p><strong>F\u00f6rderverein spendet Klavier&nbsp;<\/strong><\/p>\n\n\n\n<p>&#8222;Aus Raum 016 des Josef-Winkler-Zentrums ert\u00f6nen neuerdings besonders sch\u00f6ne Klaviert\u00f6ne, denn hier steht seid kurzem ein nagelneues Piano, \u00fcber das sich sowohl Musiksch\u00fcler aus auch Lehrer freuen. Erm\u00f6glicht hat die Anschaffung des Klaviers der F\u00f6rderverein der Musikschule Rheine in der VHS. Dessen Vorsitzende, Kathrin H\u00f6ffgen, \u00fcbergab das Instrument an Michael Biewald, der stellvertretend f\u00fcr die st\u00e4dtische Musikschule das neue Tastenintrument entgegennahm. &#8222;Der F\u00f6rderverein ist eine gro\u00dfe St\u00fctze unserer musikp\u00e4dagogischen Arbeit. Ich freue mich auf die Zusammenarbeit&#8220;, sagte Biewald, der seid dem vergangenen Mai die musikalische Fachleitung in der VHS und der Musikschule \u00fcbernommen hat.&#8220;<\/p>\n\n\n\n<p><img loading=\"lazy\" decoding=\"async\" width=\"300\" height=\"236\" class=\"wp-image-30\" src=\"http:\/\/foerderverein-musikschule-rheine.de\/wp-content\/uploads\/2020\/02\/20190608foto.jpg\" alt=\"\" style=\"width: 300px;\" srcset=\"https:\/\/foerderverein-musikschule-rheine.de\/wp-content\/uploads\/2020\/02\/20190608foto.jpg 1140w, https:\/\/foerderverein-musikschule-rheine.de\/wp-content\/uploads\/2020\/02\/20190608foto-300x236.jpg 300w, https:\/\/foerderverein-musikschule-rheine.de\/wp-content\/uploads\/2020\/02\/20190608foto-1024x804.jpg 1024w, https:\/\/foerderverein-musikschule-rheine.de\/wp-content\/uploads\/2020\/02\/20190608foto-768x603.jpg 768w\" sizes=\"(max-width: 300px) 100vw, 300px\" \/><br>(Bild: Michael Biewald und Kathrin H\u00f6ffgen)<\/p>\n\n\n\n<p>MV 22.M\u00e4rz 2019 :<\/p>\n\n\n\n<p><strong>\u201eF\u00fcr uns seid ihr alle Gewinner.\u201c<\/strong> Die diesj\u00e4hrige Mitgliederversammlung des F\u00f6rdervereins der Musikschule in der VHS am Dienstag vergangener Woche begann mit einem besonders festlichen Moment. Der Verein hatte die 13 Preistr\u00e4ger des Wettbewerbs \u201eJugendmusiziert\u201c vorab zu einer kleinen Feierstunde eingeladen. Zahlreich waren die Mitglieder des Vereins, die Kinder und Jugendlichen, deren Begleitung und Musikschullehrer&nbsp; der Einladung der 1. Vorsitzenden Kathrin H\u00f6ffgen gefolgt.<\/p>\n\n\n\n<figure class=\"wp-block-image\"><img loading=\"lazy\" decoding=\"async\" width=\"533\" height=\"400\" src=\"http:\/\/foerderverein-musikschule-rheine.de\/wp-content\/uploads\/2020\/02\/2019foto2.jpg\" alt=\"\" class=\"wp-image-28\" srcset=\"https:\/\/foerderverein-musikschule-rheine.de\/wp-content\/uploads\/2020\/02\/2019foto2.jpg 533w, https:\/\/foerderverein-musikschule-rheine.de\/wp-content\/uploads\/2020\/02\/2019foto2-300x225.jpg 300w\" sizes=\"(max-width: 533px) 100vw, 533px\" \/><figcaption class=\"wp-element-caption\"><img loading=\"lazy\" decoding=\"async\" width=\"270\" height=\"203\" class=\"wp-image-29\" src=\"http:\/\/foerderverein-musikschule-rheine.de\/wp-content\/uploads\/2020\/02\/2019foto1.jpg\" alt=\"\" style=\"width: 270px;\" srcset=\"https:\/\/foerderverein-musikschule-rheine.de\/wp-content\/uploads\/2020\/02\/2019foto1.jpg 533w, https:\/\/foerderverein-musikschule-rheine.de\/wp-content\/uploads\/2020\/02\/2019foto1-300x225.jpg 300w\" sizes=\"(max-width: 270px) 100vw, 270px\" \/><img loading=\"lazy\" decoding=\"async\" width=\"266\" height=\"200\" class=\"wp-image-27\" src=\"http:\/\/foerderverein-musikschule-rheine.de\/wp-content\/uploads\/2020\/02\/2019foto3.jpg\" alt=\"\" style=\"width: 266px;\" srcset=\"https:\/\/foerderverein-musikschule-rheine.de\/wp-content\/uploads\/2020\/02\/2019foto3.jpg 533w, https:\/\/foerderverein-musikschule-rheine.de\/wp-content\/uploads\/2020\/02\/2019foto3-300x225.jpg 300w\" sizes=\"(max-width: 266px) 100vw, 266px\" \/><\/figcaption><\/figure>\n\n\n\n<p>Die j\u00fcngste Teilnehmerin des Wettbewerbs, Jette Heckhuis, durfte, stellvertretend f\u00fcr ihre Mitstreiter, den Abend musikalisch er\u00f6ffnen. Die 8-J\u00e4hrige pr\u00e4sentierte souver\u00e4n ihr St\u00fcck \u201eStiffkey Blues\u201c auf der Violine, begleitet von Karin Rietschel\u2013Kleinh\u00f6lter am Fl\u00fcgel. Anschlie\u00dfend erfolgte die feierliche Ehrung der Preistr\u00e4ger und Preistr\u00e4gerinnen des Wettbewerbs \u201eJugend musiziert\u201c, die zum Teil erst vor kurzem ihre Wertungsspiele beim Landeswettbewerb erfolgreich absolviert hatten. Kathrin H\u00f6ffgen, als 1. Vorsitzende des Vereins, gratulierte allen Musikerinnen und Musikern zu ihren Erfolgen und Preisen. \u201eF\u00fcr uns seid ihr alle Gewinner, denn ihr habt alle pers\u00f6nliche Bestleistung gebracht.\u201c, stellte die Kathrin H\u00f6ffgen in ihrer Ansprache fest. Die Kinder und Jugendlichen d\u00fcrften stolz sein auf Ihre Talente, denn diese machten sie zu Botschaftern der Musik, sagte H\u00f6ffgen. Die Talentf\u00f6rderung sei eine der Kernaufgaben des F\u00f6rdervereins, erinnerte dieVorsitzende und so wurden alle Preistr\u00e4ger und Preistr\u00e4gerinnen mit kleinen Geschenken seitens des F\u00f6rdervereins bedacht, die Ansporn zum Weitermachen und Anerkennung zugleich sein sollten, so die Idee des F\u00f6rdervereins. Geehrt wurden Jette Heckhuis, Anna Heckhuis, Vinzenz Bu\u00dfmann, Antonia Karpa, Melanie Mardiros, Sophia H\u00fclsing, Nele Thurau, Jona Stallmann, Julia Lechte, Eric Volkmer, Greta Heymer, Ida K\u00f6sters und Anna Meyknecht. Auch die Leiterin der VHS\/Musikschule Birgit K\u00f6sters gratulierte den Musikerinnen und Musikern zu ihren Erfolgen und \u00fcberbrachte Gl\u00fcckw\u00fcnsche des B\u00fcrgermeister Dr. Peter L\u00fcttmann. Damit schloss die kleine Feierstunde.<\/p>\n\n\n\n<p>In der sich anschlie\u00dfenden Mitgliederversammlung, zog Kathrin H\u00f6ffgen ein positives Res\u00fcmee ihres ersten Jahres als Vorsitzende des F\u00f6rdervereins. Das Zusammenbringen neuer Ideen und jahrelanger Erfahrung habe sich als gute Mischung bew\u00e4hrt, stellte sie zufrieden fest. Auf das vergangene Gesch\u00e4ftsjahr zur\u00fcckblickend erinnerte Kathrin H\u00f6ffgen in ihren Ausf\u00fchrungen daran, dass der Verein sich erneut bei den Politikern der Stadt Rheine f\u00fcr eine starke Musikschule eingesetzt habe. So begleitete ein aktiver F\u00f6rdervereinsvorstand den politischen Prozess im Jahre 2018 um eine erneute Geb\u00fchrenerh\u00f6hung kritisch. \u201eDurch&nbsp; unsere konstruktiven Einw\u00e4nde bei den B\u00fcrgersprechstunden im Rahmen der Schulausschusssitzungen haben wir immer wieder angemerkt, dass Geb\u00fchrenerh\u00f6hungen ma\u00dfvoll und verh\u00e4ltnism\u00e4\u00dfig ausfallen m\u00fcssten. Es gab die berechtigte Bef\u00fcrchtung, dass dieses nicht der Fall sein w\u00fcrde. \u201cNicht&nbsp; zuletzt dem unerm\u00fcdlichen Nachhaken des F\u00f6rdervereins sei es zu verdanken, dass die anf\u00e4nglichen Vorschl\u00e4ge der Verwaltung \u00fcberarbeitet wurden und die Anfang 2019 in Kraft getretene Anhebung der Musikschulgeb\u00fchren moderat ausgefallen sei, so ist die Vorsitzende \u00fcberzeugt. \u201eDer F\u00f6rderverein wird sich auch weiterhin auf allen Ebenen f\u00fcr eine zukunftsf\u00e4hige st\u00e4dtische Musikschule einsetzen.\u201c, versprach Kathrin H\u00f6ffgen.<\/p>\n\n\n\n<p>In dem anschlie\u00dfenden Bericht des Kassieres&nbsp; G\u00fcnter L\u00f6cken erfuhren die Mitglieder, dass der Verein finanziell auf soliden F\u00fc\u00dfen steht. So habe der Vorstand f\u00fcr das laufende Jahr bereits diverse weitere F\u00f6rderprojekte bewilligt: ein anstehendes Probenwochenende des Kinderchores von Frau Vossenberg wird unterst\u00fctzen; zudem ist geplant, der Musikschule im Bereich Instrumentenanschaffung zu helfen. Im weiteren Verlauf der Versammlung gab Birgit K\u00f6sters, als Leiterin der Musikschule in der VHS, einen aktuellen Einblick in die allgemeine Lage und Aktivit\u00e4ten der st\u00e4dtischen Einrichtung. Sie gab erfreut bekannt, dass Dank Projekten wie JeKids&nbsp; und Kooperationen mit anderen Schulen und Kindertagesst\u00e4tten die Sch\u00fclerzahlenweiter steigend seien. Somit stelle die Musikschule die gr\u00f6\u00dfte Schule in Rheine dar. Zum Schluss unterstrich Kathrin H\u00f6ffgen, dass sich der F\u00f6rderverein weiterhin f\u00fcr die Belange der Musikschule einsetzen und sich 2019unter anderem mehr der \u00d6ffentlichkeitsarbeit und Transparenz widmen werde. Demn\u00e4chst ist er auch im Netz erreichbar unter:<\/p>\n\n\n\n<p><a href=\"http:\/\/www.foerderverein-musikschule-rheine.de\">www.foerderverein-musikschule-rheine.de<\/a><br><\/p>\n","protected":false},"excerpt":{"rendered":"<p>MV 23.12.24: Neue Leiterin der VHS\/Musikschule besucht Jahresversammlung des F\u00f6rdervereins Vorstand im Amt best\u00e4tigt Der alte und neue Vorstand des F\u00f6rdervereins: (vlnr) Elisabeth Lohaus, Tim Henning, Kathrin H\u00f6ffgen, Annette Kestermann, Andrea Schneiker (Leiterin der VHS\/Musikschule), Friederike Freund, Julia Salgado-M\u00fcller, nicht auf dem Bild: Sonja Volkmer Auf seiner allj\u00e4hrlichen Mitgliederversammlung am Jahresende zog der \u201eF\u00f6rderverein der &hellip; <\/p>\n<p class=\"link-more\"><a href=\"https:\/\/foerderverein-musikschule-rheine.de\/?page_id=26\" class=\"more-link\"><span class=\"screen-reader-text\">\u201ePresse\u201c<\/span> weiterlesen<\/a><\/p>\n","protected":false},"author":1,"featured_media":0,"parent":0,"menu_order":0,"comment_status":"closed","ping_status":"closed","template":"","meta":{"footnotes":""},"class_list":["post-26","page","type-page","status-publish","hentry"],"_links":{"self":[{"href":"https:\/\/foerderverein-musikschule-rheine.de\/index.php?rest_route=\/wp\/v2\/pages\/26"}],"collection":[{"href":"https:\/\/foerderverein-musikschule-rheine.de\/index.php?rest_route=\/wp\/v2\/pages"}],"about":[{"href":"https:\/\/foerderverein-musikschule-rheine.de\/index.php?rest_route=\/wp\/v2\/types\/page"}],"author":[{"embeddable":true,"href":"https:\/\/foerderverein-musikschule-rheine.de\/index.php?rest_route=\/wp\/v2\/users\/1"}],"replies":[{"embeddable":true,"href":"https:\/\/foerderverein-musikschule-rheine.de\/index.php?rest_route=%2Fwp%2Fv2%2Fcomments&post=26"}],"version-history":[{"count":4,"href":"https:\/\/foerderverein-musikschule-rheine.de\/index.php?rest_route=\/wp\/v2\/pages\/26\/revisions"}],"predecessor-version":[{"id":119,"href":"https:\/\/foerderverein-musikschule-rheine.de\/index.php?rest_route=\/wp\/v2\/pages\/26\/revisions\/119"}],"wp:attachment":[{"href":"https:\/\/foerderverein-musikschule-rheine.de\/index.php?rest_route=%2Fwp%2Fv2%2Fmedia&parent=26"}],"curies":[{"name":"wp","href":"https:\/\/api.w.org\/{rel}","templated":true}]}}