{"id":98,"date":"2024-08-21T14:31:24","date_gmt":"2024-08-21T14:31:24","guid":{"rendered":"https:\/\/foerderverein-musikschule-rheine.de\/?page_id=98"},"modified":"2026-02-18T17:24:29","modified_gmt":"2026-02-18T17:24:29","slug":"ueber-uns","status":"publish","type":"page","link":"https:\/\/foerderverein-musikschule-rheine.de\/?page_id=98","title":{"rendered":"\u00dcber uns"},"content":{"rendered":"\n<p><strong>Der Vorstand<\/strong><\/p>\n\n\n\n<figure class=\"wp-block-image size-full\"><img loading=\"lazy\" decoding=\"async\" width=\"996\" height=\"632\" src=\"https:\/\/foerderverein-musikschule-rheine.de\/wp-content\/uploads\/2026\/02\/Unbenannt-02-1.jpg\" alt=\"\" class=\"wp-image-145\" srcset=\"https:\/\/foerderverein-musikschule-rheine.de\/wp-content\/uploads\/2026\/02\/Unbenannt-02-1.jpg 996w, https:\/\/foerderverein-musikschule-rheine.de\/wp-content\/uploads\/2026\/02\/Unbenannt-02-1-300x190.jpg 300w, https:\/\/foerderverein-musikschule-rheine.de\/wp-content\/uploads\/2026\/02\/Unbenannt-02-1-768x487.jpg 768w\" sizes=\"(max-width: 767px) 89vw, (max-width: 1000px) 54vw, (max-width: 1071px) 543px, 580px\" \/><\/figure>\n\n\n\n<p>Tim Henning, Julia Salgado-M\u00fcller, Friederike Freund, Annette Kestermann, Kathrin H\u00f6ffgen, Elisabeth Lohaus v.l.n.r.<\/p>\n\n\n\n<p><\/p>\n\n\n\n<p><strong>\u00dcber den Verein:<\/strong><\/p>\n\n\n\n<p>Seit mehr als 35 Jahren unterst\u00fctzt der F\u00f6rderverein Aktivit\u00e4ten und Projekte der st\u00e4dtischen Musikschule Rheine.<br>1982 wurde der gemeinn\u00fctzige Verein von Musikschuleltern und Freunden der Musikschule gegr\u00fcndet.<\/p>\n\n\n\n<p>Auf der Mitgliederversammlung am 15. Mai 2013 wurde der Eingliederung der Musikschule in die VHS durch die Anpassung der Satzung Rechnung getragen.<br>Seitdem hei\u00dft der Verein \u201eF\u00f6rderverein der Musikschule in der VHS e.V.\u201c So wurde sichergestellt, dass die Mittel des Vereins ausschlie\u00dflich der Musikschule zu Gute kommen.<\/p>\n\n\n\n<p>Ziel des Vereins ist es, die Musikschule ideell und finanziell zu unterst\u00fctzen.<\/p>\n\n\n\n<p><\/p>\n\n\n\n<p><strong>Was der Verein macht:<\/strong><\/p>\n\n\n\n<p>Wir\u2026<\/p>\n\n\n\n<p>\u2026 f\u00f6rdern musikalische Begabungen,  z.B. die Teilnahme an Wettbewerben<\/p>\n\n\n\n<p>\u2026 helfen bei der Beschaffung von Instrumenten<\/p>\n\n\n\n<p>\u2026 \u00fcbernehmen, falls n\u00f6tig, die Musikschulgeb\u00fchren f\u00fcr Musiksch\u00fclerInnen<\/p>\n\n\n\n<p>\u2026 st\u00e4rken die Position der Musikschule auch bei den politischen Entscheidungstr\u00e4gern.<\/p>\n\n\n\n<p>\u2026 werben Spenden an f\u00fcr die Arbeit der Musikschule.<\/p>\n\n\n\n<p><\/p>\n","protected":false},"excerpt":{"rendered":"<p>Der Vorstand Tim Henning, Julia Salgado-M\u00fcller, Friederike Freund, Annette Kestermann, Kathrin H\u00f6ffgen, Elisabeth Lohaus v.l.n.r. \u00dcber den Verein: Seit mehr als 35 Jahren unterst\u00fctzt der F\u00f6rderverein Aktivit\u00e4ten und Projekte der st\u00e4dtischen Musikschule Rheine.1982 wurde der gemeinn\u00fctzige Verein von Musikschuleltern und Freunden der Musikschule gegr\u00fcndet. Auf der Mitgliederversammlung am 15. Mai 2013 wurde der Eingliederung der &hellip; <\/p>\n<p class=\"link-more\"><a href=\"https:\/\/foerderverein-musikschule-rheine.de\/?page_id=98\" class=\"more-link\"><span class=\"screen-reader-text\">\u201e\u00dcber uns\u201c<\/span> weiterlesen<\/a><\/p>\n","protected":false},"author":2,"featured_media":0,"parent":0,"menu_order":0,"comment_status":"closed","ping_status":"closed","template":"","meta":{"footnotes":""},"class_list":["post-98","page","type-page","status-publish","hentry"],"_links":{"self":[{"href":"https:\/\/foerderverein-musikschule-rheine.de\/index.php?rest_route=\/wp\/v2\/pages\/98"}],"collection":[{"href":"https:\/\/foerderverein-musikschule-rheine.de\/index.php?rest_route=\/wp\/v2\/pages"}],"about":[{"href":"https:\/\/foerderverein-musikschule-rheine.de\/index.php?rest_route=\/wp\/v2\/types\/page"}],"author":[{"embeddable":true,"href":"https:\/\/foerderverein-musikschule-rheine.de\/index.php?rest_route=\/wp\/v2\/users\/2"}],"replies":[{"embeddable":true,"href":"https:\/\/foerderverein-musikschule-rheine.de\/index.php?rest_route=%2Fwp%2Fv2%2Fcomments&post=98"}],"version-history":[{"count":7,"href":"https:\/\/foerderverein-musikschule-rheine.de\/index.php?rest_route=\/wp\/v2\/pages\/98\/revisions"}],"predecessor-version":[{"id":149,"href":"https:\/\/foerderverein-musikschule-rheine.de\/index.php?rest_route=\/wp\/v2\/pages\/98\/revisions\/149"}],"wp:attachment":[{"href":"https:\/\/foerderverein-musikschule-rheine.de\/index.php?rest_route=%2Fwp%2Fv2%2Fmedia&parent=98"}],"curies":[{"name":"wp","href":"https:\/\/api.w.org\/{rel}","templated":true}]}}